{"id":853,"date":"2022-01-05T22:23:27","date_gmt":"2022-01-06T01:23:27","guid":{"rendered":"https:\/\/dpinamar.com.ar\/agenda\/?page_id=853"},"modified":"2026-01-19T04:05:23","modified_gmt":"2026-01-19T07:05:23","slug":"agenda","status":"publish","type":"page","link":"https:\/\/dpinamar.com.ar\/agenda\/","title":{"rendered":"Agenda Pinamar"},"content":{"rendered":"\t\t<div data-elementor-type=\"wp-page\" data-elementor-id=\"853\" class=\"elementor elementor-853\">\n\t\t\t\t\t\t<section class=\"elementor-section elementor-top-section elementor-element elementor-element-312db36 elementor-section-boxed elementor-section-height-default elementor-section-height-default\" data-id=\"312db36\" data-element_type=\"section\" data-e-type=\"section\" data-settings=\"{&quot;background_background&quot;:&quot;classic&quot;}\">\n\t\t\t\t\t\t<div class=\"elementor-container elementor-column-gap-default\">\n\t\t\t\t\t<div class=\"elementor-column elementor-col-100 elementor-top-column elementor-element elementor-element-0fe5cb8\" data-id=\"0fe5cb8\" data-element_type=\"column\" data-e-type=\"column\">\n\t\t\t<div class=\"elementor-widget-wrap elementor-element-populated\">\n\t\t\t\t\t\t<div class=\"elementor-element elementor-element-9921ccd elementor-widget elementor-widget-heading\" data-id=\"9921ccd\" data-element_type=\"widget\" data-e-type=\"widget\" data-settings=\"{&quot;_animation_mobile&quot;:&quot;slideInDown&quot;}\" data-widget_type=\"heading.default\">\n\t\t\t\t<div class=\"elementor-widget-container\">\n\t\t\t\t\t<h1 class=\"elementor-heading-title elementor-size-large\">Agenda Pinamar<\/h1>\t\t\t\t<\/div>\n\t\t\t\t<\/div>\n\t\t\t\t<div class=\"elementor-element elementor-element-b1be481 elementor-widget elementor-widget-heading\" data-id=\"b1be481\" data-element_type=\"widget\" data-e-type=\"widget\" data-widget_type=\"heading.default\">\n\t\t\t\t<div class=\"elementor-widget-container\">\n\t\t\t\t\t<h2 class=\"elementor-heading-title elementor-size-default\">Agenda de eventos y actividades en Pinamar, Caril\u00f3, Valeria del Mar y Ostende.<\/h2>\t\t\t\t<\/div>\n\t\t\t\t<\/div>\n\t\t\t\t<div class=\"elementor-element elementor-element-25e72b1 elementor-widget elementor-widget-text-editor\" data-id=\"25e72b1\" data-element_type=\"widget\" data-e-type=\"widget\" data-widget_type=\"text-editor.default\">\n\t\t\t\t<div class=\"elementor-widget-container\">\n\t\t\t\t\t\t\t\t\t<h2 style=\"text-align: center;\"><a style=\"font-size: 18px; background-color: #04384e; color: #ffff99;\" href=\"https:\/\/dpinamar.com.ar\/agenda\/cine\" target=\"_blank\" rel=\"noopener\">Cine<\/a><span style=\"color: #ffff99; font-size: 18px; letter-spacing: 0.6px;\">, <\/span><a style=\"font-size: 18px; background-color: #04384e; color: #ffff99;\" href=\"https:\/\/dpinamar.com.ar\/agenda\/teatro\/\" target=\"_blank\" rel=\"noopener\">teatro<\/a><span style=\"color: #ffff99; font-size: 18px; letter-spacing: 0.6px;\">, <\/span><a style=\"font-size: 18px; background-color: #04384e; color: #ffff99;\" href=\"https:\/\/dpinamar.com.ar\/agenda\/cursos-talleres\/\" target=\"_blank\" rel=\"noopener\">cursos<\/a><span style=\"color: #ffff99; font-size: 18px; letter-spacing: 0.6px;\">, <a style=\"color: #ffff99;\" href=\"https:\/\/dpinamar.com.ar\/agenda\/cursos-talleres\/\" target=\"_blank\" rel=\"noopener\">talleres<\/a>, <a style=\"color: #ffff99;\" href=\"https:\/\/dpinamar.com.ar\/agenda\/musica-recitales\/\">m\u00fasica<\/a>, <\/span><a style=\"font-size: 18px; background-color: #04384e; color: #ffff99;\" href=\"https:\/\/dpinamar.com.ar\/agenda\/actividades\/\" target=\"_blank\" rel=\"noopener\">paseos <\/a><span style=\"color: #ffff99; font-size: 18px;\">y <\/span><a style=\"font-size: 18px; background-color: #04384e; color: #ffff99;\" href=\"https:\/\/dpinamar.com.ar\/agenda\/deportes-pinamar\/\" target=\"_blank\" rel=\"noopener\">deportes<\/a><span style=\"font-size: 18px; letter-spacing: 0.6px;\"> durante todo el a\u00f1o.<\/span><\/h2><p style=\"text-align: center;\">Informaci\u00f3n actualizada para turistas y residentes.<\/p>\t\t\t\t\t\t\t\t<\/div>\n\t\t\t\t<\/div>\n\t\t\t\t\t<\/div>\n\t\t<\/div>\n\t\t\t\t\t<\/div>\n\t\t<\/section>\n\t\t\t\t<section class=\"elementor-section elementor-top-section elementor-element elementor-element-7a5e433 elementor-section-height-min-height elementor-section-items-top elementor-section-boxed elementor-section-height-default\" data-id=\"7a5e433\" data-element_type=\"section\" data-e-type=\"section\" data-settings=\"{&quot;background_background&quot;:&quot;classic&quot;}\">\n\t\t\t\t\t\t<div class=\"elementor-container elementor-column-gap-default\">\n\t\t\t\t\t<div class=\"elementor-column elementor-col-100 elementor-top-column elementor-element elementor-element-7cd8b69\" data-id=\"7cd8b69\" data-element_type=\"column\" data-e-type=\"column\">\n\t\t\t<div class=\"elementor-widget-wrap elementor-element-populated\">\n\t\t\t\t\t\t<div class=\"elementor-element elementor-element-1609e62 premium-blog-align-left elementor-widget elementor-widget-premium-addon-blog\" data-id=\"1609e62\" data-element_type=\"widget\" data-e-type=\"widget\" data-settings=\"{&quot;premium_blog_layout&quot;:&quot;masonry&quot;,&quot;premium_blog_infinite_scroll&quot;:&quot;yes&quot;,&quot;premium_blog_grid&quot;:&quot;yes&quot;,&quot;premium_blog_columns_number&quot;:&quot;50%&quot;,&quot;premium_blog_columns_number_tablet&quot;:&quot;50%&quot;,&quot;premium_blog_columns_number_mobile&quot;:&quot;100%&quot;}\" data-widget_type=\"premium-addon-blog.default\">\n\t\t\t\t<div class=\"elementor-widget-container\">\n\t\t\t\t\t\n\t\t\n\n\t\t\t\t<div class=\"premium-blog-wrap  premium-blog-masonry\" data-page=\"853\">\n\t\t\t\t\t\t\t\t\t<div class=\"premium-blog-post-outer-container\" data-total=\"258\">\n\t\t\t<div class=\"premium-blog-post-container premium-blog-skin-side\">\n\t\t\t\t\t\t\t\t\t<div class=\"premium-blog-thumb-effect-wrapper\">\n\t\t\t\t\t\t<div class=\"premium-blog-thumbnail-container premium-blog-zoomin-effect\">\n\t\t\t\t\t\t\t<img fetchpriority=\"high\" decoding=\"async\" width=\"300\" height=\"300\" src=\"https:\/\/dpinamar.com.ar\/agenda\/udoagekr\/2026\/03\/semana-santa-en-pinamar-300x300.webp\" class=\"attachment-medium size-medium wp-image-15569\" alt=\"Semana Santa en Pinamar 2026\" title=\"\" srcset=\"https:\/\/dpinamar.com.ar\/agenda\/udoagekr\/2026\/03\/semana-santa-en-pinamar-300x300.webp 300w, https:\/\/dpinamar.com.ar\/agenda\/udoagekr\/2026\/03\/semana-santa-en-pinamar-150x150.webp 150w, https:\/\/dpinamar.com.ar\/agenda\/udoagekr\/2026\/03\/semana-santa-en-pinamar-768x768.webp 768w, https:\/\/dpinamar.com.ar\/agenda\/udoagekr\/2026\/03\/semana-santa-en-pinamar-600x600.webp 600w, https:\/\/dpinamar.com.ar\/agenda\/udoagekr\/2026\/03\/semana-santa-en-pinamar.webp 800w\" sizes=\"(max-width: 300px) 100vw, 300px\" \/>\t\t\t\t\t\t<\/div>\n\t\t\t\t\t\t\t\t\t\t\t\t\t<div class=\"premium-blog-thumbnail-overlay\">\n\t\t\t\t\t\t\t\t<a class=\"elementor-icon\" href=\"https:\/\/dpinamar.com.ar\/agenda\/semana-santa-en-pinamar-eventos-y-propuestas\/\" target=\"_blank\"><\/a>\n\t\t\t\t\t\t\t<\/div>\n\n\t\t\t\t\t\t\t\t\t\t\t\t\t\t\t\t\t\t<\/div>\n\t\t\t\t\t\t\t\t\t\t\t\t<div class=\"premium-blog-content-wrapper \">\n\n\t\t\t\t\t<div class=\"premium-blog-inner-container\">\n\n\t\t\t\t\t\t\t\t\t\t\t\t\t\t<h2 class=\"premium-blog-entry-title\">\n\t\t\t<a href=\"https:\/\/dpinamar.com.ar\/agenda\/semana-santa-en-pinamar-eventos-y-propuestas\/\" target=\"_blank\">\n\t\t\t\tSemana Santa en Pinamar: eventos y propuestas\t\t\t<\/a>\n\t\t<\/h2>\n\t\t\t\t<div class=\"premium-blog-entry-meta\">\n\t\t\t\n\t\t\t\n\t\t\t\n\t\t\t\t\t<\/div>\n\t\t\n\t\t\t\t\t<\/div>\n\n\t\t\t\t\t\t\t<div class=\"premium-blog-content-inner-wrapper\">\n\t\t<p class=\"premium-blog-post-content\">ACTUALIZADO Un adelanto de lo que ya pod\u00e9s encontrar en la agenda del finde largo A los atractivos naturales que ofrece Pinamar durante todo el \u2026<\/p>\t\t<\/div>\n\t\t\t\t\t\t\t\n\t\t\t\t<\/div>\n\t\t\t<\/div>\n\t\t<\/div>\n\n\t\t\t\t<div class=\"premium-blog-post-outer-container\" data-total=\"258\">\n\t\t\t<div class=\"premium-blog-post-container premium-blog-skin-side\">\n\t\t\t\t\t\t\t\t\t<div class=\"premium-blog-thumb-effect-wrapper\">\n\t\t\t\t\t\t<div class=\"premium-blog-thumbnail-container premium-blog-zoomin-effect\">\n\t\t\t\t\t\t\t<img decoding=\"async\" width=\"300\" height=\"300\" src=\"https:\/\/dpinamar.com.ar\/agenda\/udoagekr\/2024\/07\/cine-oasis-pinamar-cartelera-300x300.webp\" class=\"attachment-medium size-medium wp-image-13443\" alt=\"cine osasis pinamar cartelera\" title=\"\" srcset=\"https:\/\/dpinamar.com.ar\/agenda\/udoagekr\/2024\/07\/cine-oasis-pinamar-cartelera-300x300.webp 300w, https:\/\/dpinamar.com.ar\/agenda\/udoagekr\/2024\/07\/cine-oasis-pinamar-cartelera-150x150.webp 150w, https:\/\/dpinamar.com.ar\/agenda\/udoagekr\/2024\/07\/cine-oasis-pinamar-cartelera-768x768.webp 768w, https:\/\/dpinamar.com.ar\/agenda\/udoagekr\/2024\/07\/cine-oasis-pinamar-cartelera-600x600.webp 600w, https:\/\/dpinamar.com.ar\/agenda\/udoagekr\/2024\/07\/cine-oasis-pinamar-cartelera.webp 800w\" sizes=\"(max-width: 300px) 100vw, 300px\" \/>\t\t\t\t\t\t<\/div>\n\t\t\t\t\t\t\t\t\t\t\t\t\t<div class=\"premium-blog-thumbnail-overlay\">\n\t\t\t\t\t\t\t\t<a class=\"elementor-icon\" href=\"https:\/\/dpinamar.com.ar\/agenda\/cartelera-de-cine-oasis-pinamar\/\" target=\"_blank\"><\/a>\n\t\t\t\t\t\t\t<\/div>\n\n\t\t\t\t\t\t\t\t\t\t\t\t\t\t\t\t\t\t<\/div>\n\t\t\t\t\t\t\t\t\t\t\t\t<div class=\"premium-blog-content-wrapper \">\n\n\t\t\t\t\t<div class=\"premium-blog-inner-container\">\n\n\t\t\t\t\t\t\t\t\t\t\t\t\t\t<h2 class=\"premium-blog-entry-title\">\n\t\t\t<a href=\"https:\/\/dpinamar.com.ar\/agenda\/cartelera-de-cine-oasis-pinamar\/\" target=\"_blank\">\n\t\t\t\tCartelera de Cine Oasis Pinamar\t\t\t<\/a>\n\t\t<\/h2>\n\t\t\t\t<div class=\"premium-blog-entry-meta\">\n\t\t\t\n\t\t\t\n\t\t\t\n\t\t\t\t\t<\/div>\n\t\t\n\t\t\t\t\t<\/div>\n\n\t\t\t\t\t\t\t<div class=\"premium-blog-content-inner-wrapper\">\n\t\t<p class=\"premium-blog-post-content\">PROMO Cine Oasis Pinamar SEMANA SANTA \ud83d\udfe1 Cartelera de Cine Oasis Pinamar con TRAILERS y SINOPSIS \u27bd\u00a0 Super Mario Galaxy, Proyecto Fin del Mundo, N\u00fcremberg, \u2026<\/p>\t\t<\/div>\n\t\t\t\t\t\t\t\n\t\t\t\t<\/div>\n\t\t\t<\/div>\n\t\t<\/div>\n\n\t\t\t\t<div class=\"premium-blog-post-outer-container\" data-total=\"258\">\n\t\t\t<div class=\"premium-blog-post-container premium-blog-skin-side\">\n\t\t\t\t\t\t\t\t\t<div class=\"premium-blog-thumb-effect-wrapper\">\n\t\t\t\t\t\t<div class=\"premium-blog-thumbnail-container premium-blog-zoomin-effect\">\n\t\t\t\t\t\t\t<img decoding=\"async\" width=\"300\" height=\"300\" src=\"https:\/\/dpinamar.com.ar\/agenda\/udoagekr\/2026\/03\/Fiesta-de-la-Cerveza-en-Pinamar-2026-300x300.webp\" class=\"attachment-medium size-medium wp-image-15395\" alt=\"Fiesta de la Cerveza 2026\" title=\"\" srcset=\"https:\/\/dpinamar.com.ar\/agenda\/udoagekr\/2026\/03\/Fiesta-de-la-Cerveza-en-Pinamar-2026-300x300.webp 300w, https:\/\/dpinamar.com.ar\/agenda\/udoagekr\/2026\/03\/Fiesta-de-la-Cerveza-en-Pinamar-2026-150x150.webp 150w, https:\/\/dpinamar.com.ar\/agenda\/udoagekr\/2026\/03\/Fiesta-de-la-Cerveza-en-Pinamar-2026-768x768.webp 768w, https:\/\/dpinamar.com.ar\/agenda\/udoagekr\/2026\/03\/Fiesta-de-la-Cerveza-en-Pinamar-2026-600x600.webp 600w, https:\/\/dpinamar.com.ar\/agenda\/udoagekr\/2026\/03\/Fiesta-de-la-Cerveza-en-Pinamar-2026.webp 800w\" sizes=\"(max-width: 300px) 100vw, 300px\" \/>\t\t\t\t\t\t<\/div>\n\t\t\t\t\t\t\t\t\t\t\t\t\t<div class=\"premium-blog-thumbnail-overlay\">\n\t\t\t\t\t\t\t\t<a class=\"elementor-icon\" href=\"https:\/\/dpinamar.com.ar\/agenda\/fiesta-de-la-cerveza-en-pinamar-2026\/\" target=\"_blank\"><\/a>\n\t\t\t\t\t\t\t<\/div>\n\n\t\t\t\t\t\t\t\t\t\t\t\t\t\t\t\t\t\t<\/div>\n\t\t\t\t\t\t\t\t\t\t\t\t<div class=\"premium-blog-content-wrapper \">\n\n\t\t\t\t\t<div class=\"premium-blog-inner-container\">\n\n\t\t\t\t\t\t\t\t\t\t\t\t\t\t<h2 class=\"premium-blog-entry-title\">\n\t\t\t<a href=\"https:\/\/dpinamar.com.ar\/agenda\/fiesta-de-la-cerveza-en-pinamar-2026\/\" target=\"_blank\">\n\t\t\t\tFiesta de la Cerveza en Pinamar 2026\t\t\t<\/a>\n\t\t<\/h2>\n\t\t\t\t<div class=\"premium-blog-entry-meta\">\n\t\t\t\n\t\t\t\n\t\t\t\n\t\t\t\t\t<\/div>\n\t\t\n\t\t\t\t\t<\/div>\n\n\t\t\t\t\t\t\t<div class=\"premium-blog-content-inner-wrapper\">\n\t\t<p class=\"premium-blog-post-content\">Tres d\u00edas para brindar, comer rico y escuchar m\u00fasica EN SEMANA SANTA vuelve la Fiesta de la Cerveza en Pinamar, con patio cervecero, foodtrucks y \u2026<\/p>\t\t<\/div>\n\t\t\t\t\t\t\t\n\t\t\t\t<\/div>\n\t\t\t<\/div>\n\t\t<\/div>\n\n\t\t\t\t<div class=\"premium-blog-post-outer-container\" data-total=\"258\">\n\t\t\t<div class=\"premium-blog-post-container premium-blog-skin-side\">\n\t\t\t\t\t\t\t\t\t<div class=\"premium-blog-thumb-effect-wrapper\">\n\t\t\t\t\t\t<div class=\"premium-blog-thumbnail-container premium-blog-zoomin-effect\">\n\t\t\t\t\t\t\t<img loading=\"lazy\" decoding=\"async\" width=\"300\" height=\"300\" src=\"https:\/\/dpinamar.com.ar\/agenda\/udoagekr\/2026\/03\/misa-criolla-pinamar-2026-300x300.webp\" class=\"attachment-medium size-medium wp-image-15547\" alt=\"Misa Criolla en Pinamar\" title=\"\" srcset=\"https:\/\/dpinamar.com.ar\/agenda\/udoagekr\/2026\/03\/misa-criolla-pinamar-2026-300x300.webp 300w, https:\/\/dpinamar.com.ar\/agenda\/udoagekr\/2026\/03\/misa-criolla-pinamar-2026-150x150.webp 150w, https:\/\/dpinamar.com.ar\/agenda\/udoagekr\/2026\/03\/misa-criolla-pinamar-2026-768x768.webp 768w, https:\/\/dpinamar.com.ar\/agenda\/udoagekr\/2026\/03\/misa-criolla-pinamar-2026-600x600.webp 600w, https:\/\/dpinamar.com.ar\/agenda\/udoagekr\/2026\/03\/misa-criolla-pinamar-2026.webp 800w\" sizes=\"(max-width: 300px) 100vw, 300px\" \/>\t\t\t\t\t\t<\/div>\n\t\t\t\t\t\t\t\t\t\t\t\t\t<div class=\"premium-blog-thumbnail-overlay\">\n\t\t\t\t\t\t\t\t<a class=\"elementor-icon\" href=\"https:\/\/dpinamar.com.ar\/agenda\/misa-criolla-en-pinamar\/\" target=\"_blank\"><\/a>\n\t\t\t\t\t\t\t<\/div>\n\n\t\t\t\t\t\t\t\t\t\t\t\t\t\t\t\t\t\t<\/div>\n\t\t\t\t\t\t\t\t\t\t\t\t<div class=\"premium-blog-content-wrapper \">\n\n\t\t\t\t\t<div class=\"premium-blog-inner-container\">\n\n\t\t\t\t\t\t\t\t\t\t\t\t\t\t<h2 class=\"premium-blog-entry-title\">\n\t\t\t<a href=\"https:\/\/dpinamar.com.ar\/agenda\/misa-criolla-en-pinamar\/\" target=\"_blank\">\n\t\t\t\tMisa Criolla en Pinamar\t\t\t<\/a>\n\t\t<\/h2>\n\t\t\t\t<div class=\"premium-blog-entry-meta\">\n\t\t\t\n\t\t\t\n\t\t\t\n\t\t\t\t\t<\/div>\n\t\t\n\t\t\t\t\t<\/div>\n\n\t\t\t\t\t\t\t<div class=\"premium-blog-content-inner-wrapper\">\n\t\t<p class=\"premium-blog-post-content\">Concierto especial de Semana Santa El 4 de abril llega a Pinamar una propuesta musical pensada para Semana Santa, que re\u00fane distintos estilos en un \u2026<\/p>\t\t<\/div>\n\t\t\t\t\t\t\t\n\t\t\t\t<\/div>\n\t\t\t<\/div>\n\t\t<\/div>\n\n\t\t\t\t<div class=\"premium-blog-post-outer-container\" data-total=\"258\">\n\t\t\t<div class=\"premium-blog-post-container premium-blog-skin-side\">\n\t\t\t\t\t\t\t\t\t<div class=\"premium-blog-thumb-effect-wrapper\">\n\t\t\t\t\t\t<div class=\"premium-blog-thumbnail-container premium-blog-zoomin-effect\">\n\t\t\t\t\t\t\t<img loading=\"lazy\" decoding=\"async\" width=\"300\" height=\"300\" src=\"https:\/\/dpinamar.com.ar\/agenda\/udoagekr\/2026\/03\/el-Explorador-REPROGRAMADO-300x300.webp\" class=\"attachment-medium size-medium wp-image-15627\" alt=\"el explorador\" title=\"\" srcset=\"https:\/\/dpinamar.com.ar\/agenda\/udoagekr\/2026\/03\/el-Explorador-REPROGRAMADO-300x300.webp 300w, https:\/\/dpinamar.com.ar\/agenda\/udoagekr\/2026\/03\/el-Explorador-REPROGRAMADO-150x150.webp 150w, https:\/\/dpinamar.com.ar\/agenda\/udoagekr\/2026\/03\/el-Explorador-REPROGRAMADO-768x768.webp 768w, https:\/\/dpinamar.com.ar\/agenda\/udoagekr\/2026\/03\/el-Explorador-REPROGRAMADO-600x600.webp 600w, https:\/\/dpinamar.com.ar\/agenda\/udoagekr\/2026\/03\/el-Explorador-REPROGRAMADO.webp 800w\" sizes=\"(max-width: 300px) 100vw, 300px\" \/>\t\t\t\t\t\t<\/div>\n\t\t\t\t\t\t\t\t\t\t\t\t\t<div class=\"premium-blog-thumbnail-overlay\">\n\t\t\t\t\t\t\t\t<a class=\"elementor-icon\" href=\"https:\/\/dpinamar.com.ar\/agenda\/el-explorador-en-pinamar-con-nuevo-show\/\" target=\"_blank\"><\/a>\n\t\t\t\t\t\t\t<\/div>\n\n\t\t\t\t\t\t\t\t\t\t\t\t\t\t\t\t\t\t<\/div>\n\t\t\t\t\t\t\t\t\t\t\t\t<div class=\"premium-blog-content-wrapper \">\n\n\t\t\t\t\t<div class=\"premium-blog-inner-container\">\n\n\t\t\t\t\t\t\t\t\t\t\t\t\t\t<h2 class=\"premium-blog-entry-title\">\n\t\t\t<a href=\"https:\/\/dpinamar.com.ar\/agenda\/el-explorador-en-pinamar-con-nuevo-show\/\" target=\"_blank\">\n\t\t\t\tEl Explorador en Pinamar con nuevo show\t\t\t<\/a>\n\t\t<\/h2>\n\t\t\t\t<div class=\"premium-blog-entry-meta\">\n\t\t\t\n\t\t\t\n\t\t\t\n\t\t\t\t\t<\/div>\n\t\t\n\t\t\t\t\t<\/div>\n\n\t\t\t\t\t\t\t<div class=\"premium-blog-content-inner-wrapper\">\n\t\t<p class=\"premium-blog-post-content\">Un show infantil con m\u00fasica, aventuras y participaci\u00f3n SEMANA SANTA REPROGRAMADO para el 5 de abril, \u201cEl Explorador\u201d vuelve a Pinamar con un espect\u00e1culo nuevo \u2026<\/p>\t\t<\/div>\n\t\t\t\t\t\t\t\n\t\t\t\t<\/div>\n\t\t\t<\/div>\n\t\t<\/div>\n\n\t\t\t\t<div class=\"premium-blog-post-outer-container\" data-total=\"258\">\n\t\t\t<div class=\"premium-blog-post-container premium-blog-skin-side\">\n\t\t\t\t\t\t\t\t\t<div class=\"premium-blog-thumb-effect-wrapper\">\n\t\t\t\t\t\t<div class=\"premium-blog-thumbnail-container premium-blog-zoomin-effect\">\n\t\t\t\t\t\t\t<img loading=\"lazy\" decoding=\"async\" width=\"300\" height=\"300\" src=\"https:\/\/dpinamar.com.ar\/agenda\/udoagekr\/2026\/03\/jazz-gaston-delicio-300x300.webp\" class=\"attachment-medium size-medium wp-image-15616\" alt=\"jazz gaston delicio en Pinamar\" title=\"\" srcset=\"https:\/\/dpinamar.com.ar\/agenda\/udoagekr\/2026\/03\/jazz-gaston-delicio-300x300.webp 300w, https:\/\/dpinamar.com.ar\/agenda\/udoagekr\/2026\/03\/jazz-gaston-delicio-150x150.webp 150w, https:\/\/dpinamar.com.ar\/agenda\/udoagekr\/2026\/03\/jazz-gaston-delicio-768x768.webp 768w, https:\/\/dpinamar.com.ar\/agenda\/udoagekr\/2026\/03\/jazz-gaston-delicio-600x600.webp 600w, https:\/\/dpinamar.com.ar\/agenda\/udoagekr\/2026\/03\/jazz-gaston-delicio.webp 800w\" sizes=\"(max-width: 300px) 100vw, 300px\" \/>\t\t\t\t\t\t<\/div>\n\t\t\t\t\t\t\t\t\t\t\t\t\t<div class=\"premium-blog-thumbnail-overlay\">\n\t\t\t\t\t\t\t\t<a class=\"elementor-icon\" href=\"https:\/\/dpinamar.com.ar\/agenda\/jazz-en-vivo-en-la-biblioteca-de-pinamar\/\" target=\"_blank\"><\/a>\n\t\t\t\t\t\t\t<\/div>\n\n\t\t\t\t\t\t\t\t\t\t\t\t\t\t\t\t\t\t<\/div>\n\t\t\t\t\t\t\t\t\t\t\t\t<div class=\"premium-blog-content-wrapper \">\n\n\t\t\t\t\t<div class=\"premium-blog-inner-container\">\n\n\t\t\t\t\t\t\t\t\t\t\t\t\t\t<h2 class=\"premium-blog-entry-title\">\n\t\t\t<a href=\"https:\/\/dpinamar.com.ar\/agenda\/jazz-en-vivo-en-la-biblioteca-de-pinamar\/\" target=\"_blank\">\n\t\t\t\tJazz en vivo en la Biblioteca de Pinamar\t\t\t<\/a>\n\t\t<\/h2>\n\t\t\t\t<div class=\"premium-blog-entry-meta\">\n\t\t\t\n\t\t\t\n\t\t\t\n\t\t\t\t\t<\/div>\n\t\t\n\t\t\t\t\t<\/div>\n\n\t\t\t\t\t\t\t<div class=\"premium-blog-content-inner-wrapper\">\n\t\t<p class=\"premium-blog-post-content\">Gaston Delicio Cuarteto presenta su m\u00fasica SEMANA SANTA El 5 de abril llega una nueva propuesta musical a Pinamar con un concierto de jazz que \u2026<\/p>\t\t<\/div>\n\t\t\t\t\t\t\t\n\t\t\t\t<\/div>\n\t\t\t<\/div>\n\t\t<\/div>\n\n\t\t\t\t\t\t\t<\/div>\n\n\t\t\n\t\t\n\t\t\t\t\t\t<\/div>\n\t\t\t\t<\/div>\n\t\t\t\t\t<\/div>\n\t\t<\/div>\n\t\t\t\t\t<\/div>\n\t\t<\/section>\n\t\t\t\t<\/div>\n\t\t","protected":false},"excerpt":{"rendered":"<p>Agenda Pinamar Agenda de eventos y actividades en Pinamar, Caril\u00f3, Valeria del Mar y Ostende. Cine, teatro, cursos, talleres, m\u00fasica, paseos y deportes durante todo el a\u00f1o. Informaci\u00f3n actualizada para turistas y residentes. Gaspar Benegas en vivo en Caril\u00f3 Una noche fundamentalista en formato \u00edntimo El mi\u00e9rcoles 28 de enero de 2026, Gaspar Benegas se [&hellip;]<\/p>\n","protected":false},"author":1,"featured_media":0,"parent":0,"menu_order":0,"comment_status":"closed","ping_status":"closed","template":"","meta":{"_lmt_disableupdate":"no","_lmt_disable":"","ocean_post_layout":"full-width","ocean_both_sidebars_style":"","ocean_both_sidebars_content_width":0,"ocean_both_sidebars_sidebars_width":0,"ocean_sidebar":"0","ocean_second_sidebar":"0","ocean_disable_margins":"on","ocean_add_body_class":"","ocean_shortcode_before_top_bar":"","ocean_shortcode_after_top_bar":"","ocean_shortcode_before_header":"","ocean_shortcode_after_header":"","ocean_has_shortcode":"","ocean_shortcode_after_title":"","ocean_shortcode_before_footer_widgets":"","ocean_shortcode_after_footer_widgets":"","ocean_shortcode_before_footer_bottom":"","ocean_shortcode_after_footer_bottom":"","ocean_display_top_bar":"default","ocean_display_header":"default","ocean_header_style":"","ocean_center_header_left_menu":"0","ocean_custom_header_template":"0","ocean_custom_logo":0,"ocean_custom_retina_logo":0,"ocean_custom_logo_max_width":0,"ocean_custom_logo_tablet_max_width":0,"ocean_custom_logo_mobile_max_width":0,"ocean_custom_logo_max_height":0,"ocean_custom_logo_tablet_max_height":0,"ocean_custom_logo_mobile_max_height":0,"ocean_header_custom_menu":"0","ocean_menu_typo_font_family":"0","ocean_menu_typo_font_subset":"","ocean_menu_typo_font_size":0,"ocean_menu_typo_font_size_tablet":0,"ocean_menu_typo_font_size_mobile":0,"ocean_menu_typo_font_size_unit":"px","ocean_menu_typo_font_weight":"","ocean_menu_typo_font_weight_tablet":"","ocean_menu_typo_font_weight_mobile":"","ocean_menu_typo_transform":"","ocean_menu_typo_transform_tablet":"","ocean_menu_typo_transform_mobile":"","ocean_menu_typo_line_height":0,"ocean_menu_typo_line_height_tablet":0,"ocean_menu_typo_line_height_mobile":0,"ocean_menu_typo_line_height_unit":"","ocean_menu_typo_spacing":0,"ocean_menu_typo_spacing_tablet":0,"ocean_menu_typo_spacing_mobile":0,"ocean_menu_typo_spacing_unit":"","ocean_menu_link_color":"","ocean_menu_link_color_hover":"","ocean_menu_link_color_active":"","ocean_menu_link_background":"","ocean_menu_link_hover_background":"","ocean_menu_link_active_background":"","ocean_menu_social_links_bg":"","ocean_menu_social_hover_links_bg":"","ocean_menu_social_links_color":"","ocean_menu_social_hover_links_color":"","ocean_disable_title":"default","ocean_disable_heading":"default","ocean_post_title":"","ocean_post_subheading":"","ocean_post_title_style":"","ocean_post_title_background_color":"","ocean_post_title_background":0,"ocean_post_title_bg_image_position":"","ocean_post_title_bg_image_attachment":"","ocean_post_title_bg_image_repeat":"","ocean_post_title_bg_image_size":"","ocean_post_title_height":0,"ocean_post_title_bg_overlay":0.5,"ocean_post_title_bg_overlay_color":"","ocean_disable_breadcrumbs":"default","ocean_breadcrumbs_color":"","ocean_breadcrumbs_separator_color":"","ocean_breadcrumbs_links_color":"","ocean_breadcrumbs_links_hover_color":"","ocean_display_footer_widgets":"default","ocean_display_footer_bottom":"default","ocean_custom_footer_template":"0","iawp_total_views":12566,"footnotes":""},"class_list":["post-853","page","type-page","status-publish","hentry","entry","has-media"],"_links":{"self":[{"href":"https:\/\/dpinamar.com.ar\/agenda\/wp-json\/wp\/v2\/pages\/853","targetHints":{"allow":["GET"]}}],"collection":[{"href":"https:\/\/dpinamar.com.ar\/agenda\/wp-json\/wp\/v2\/pages"}],"about":[{"href":"https:\/\/dpinamar.com.ar\/agenda\/wp-json\/wp\/v2\/types\/page"}],"author":[{"embeddable":true,"href":"https:\/\/dpinamar.com.ar\/agenda\/wp-json\/wp\/v2\/users\/1"}],"replies":[{"embeddable":true,"href":"https:\/\/dpinamar.com.ar\/agenda\/wp-json\/wp\/v2\/comments?post=853"}],"version-history":[{"count":5,"href":"https:\/\/dpinamar.com.ar\/agenda\/wp-json\/wp\/v2\/pages\/853\/revisions"}],"predecessor-version":[{"id":14478,"href":"https:\/\/dpinamar.com.ar\/agenda\/wp-json\/wp\/v2\/pages\/853\/revisions\/14478"}],"wp:attachment":[{"href":"https:\/\/dpinamar.com.ar\/agenda\/wp-json\/wp\/v2\/media?parent=853"}],"curies":[{"name":"wp","href":"https:\/\/api.w.org\/{rel}","templated":true}]}}